{"id":10591,"date":"2019-06-07T10:23:53","date_gmt":"2019-06-07T15:23:53","guid":{"rendered":"http:\/\/demo.thimpress.com\/eduma\/?page_id=12"},"modified":"2025-02-12T16:51:58","modified_gmt":"2025-02-12T21:51:58","slug":"home","status":"publish","type":"page","link":"https:\/\/iefjc.edu.co\/web\/","title":{"rendered":"Inicio"},"content":{"rendered":"<div class=\"wpb-content-wrapper\"><p>[vc_row full_width=\u00bbstretch_row_content_no_spaces\u00bb css=\u00bb.vc_custom_1532059041653{margin-bottom: 0px !important;}\u00bb][vc_column][rev_slider_vc alias=\u00bbhome-page\u00bb][\/vc_column][\/vc_row][vc_row css=\u00bb.vc_custom_1552335716023{margin-top: -90px !important;background-color: #eee0cd !important;}\u00bb el_class=\u00bbrow_relative\u00bb][vc_column width=\u00bb2\/3&#8243; css=\u00bb.vc_custom_1532058844902{padding-top: 0px !important;}\u00bb][vc_row_inner css=\u00bb.vc_custom_1532058886594{margin-bottom: 0px !important;padding-top: 35px !important;padding-right: 20px !important;padding-bottom: 30px !important;padding-left: 20px !important;}\u00bb][vc_column_inner width=\u00bb1\/3&#8243;]<div class=\"thim-widget-icon-box template-base\"><div class=\"wrapper-box-icon text-left \" ><div class=\"smicon-box iconbox-left\" style=\"--icon-font-size:48px;--icon-color:#00a859;--icon-width: 60px;--icon-height: 55px;--icon-color-hover:#dfc290;\"><div class=\"boxes-icon\"><a class=\"icon-box-link\" target=\"_self\" href=\"#\"><span class=\"inner-icon\"><span class=\"icon\"><i class=\"fa fa-briefcase\"\"><\/i><\/span><\/span><\/span><\/a><\/div><div class=\"content-inner\"><div class=\"sc-heading article_heading\"><h3 class = \"heading__primary\" style=\"--title-color: #00a859;--title-font-size: 18px;--title-font-weight: 400;--title-margin-bottom: 5px;\"><a class=\"icon-box-link\" target=\"_self\" href=\"#\" >MODALIDADES T\u00c9CNICAS<\/a><\/h3><\/div><\/div><\/div><\/div><\/div>[\/vc_column_inner][vc_column_inner width=\u00bb1\/3&#8243;]<div class=\"thim-widget-icon-box template-base\"><div class=\"wrapper-box-icon text-left \" ><div class=\"smicon-box iconbox-left\" style=\"--icon-font-size:48px;--icon-color:#00a859;--icon-width: 60px;--icon-height: 55px;--icon-color-hover:#dfc290;\"><div class=\"boxes-icon\"><a class=\"icon-box-link\" target=\"_self\" href=\"#\"><span class=\"inner-icon\"><span class=\"icon\"><i class=\"ion-ios-book-outline\"\"><\/i><\/span><\/span><\/span><\/a><\/div><div class=\"content-inner\"><div class=\"sc-heading article_heading\"><h3 class = \"heading__primary\" style=\"--title-color: #00a859;--title-font-size: 18px;--title-font-weight: 400;--title-margin-bottom: 5px;\"><a class=\"icon-box-link\" target=\"_self\" href=\"#\" >EDUCACI\u00d3N<\/a><\/h3><\/div><div class=\"desc-icon-box\"><div class=\"desc-content\" style=\"color: #292929;font-size: 16px;font-weight: 300;line-height: 23px;\">Preescolar y Primaria<\/div><\/div><\/div><\/div><\/div><\/div>[\/vc_column_inner][vc_column_inner width=\u00bb1\/3&#8243;]<div class=\"thim-widget-icon-box template-base\"><div class=\"wrapper-box-icon text-left \" ><div class=\"smicon-box iconbox-left\" style=\"--icon-font-size:48px;--icon-color:#00a859;--icon-width: 60px;--icon-height: 55px;--icon-color-hover:#dda94f;\"><div class=\"boxes-icon\"><a class=\"icon-box-link\" target=\"_self\" href=\"#\"><span class=\"inner-icon\"><span class=\"icon\"><i class=\"ion-ios-basketball-outline\"\"><\/i><\/span><\/span><\/span><\/a><\/div><div class=\"content-inner\"><div class=\"sc-heading article_heading\"><h3 class = \"heading__primary\" style=\"--title-color: #00a859;--title-font-size: 18px;--title-font-weight: 400;--title-margin-bottom: 5px;\"><a class=\"icon-box-link\" target=\"_self\" href=\"#\" >EDUCACI\u00d3N<\/a><\/h3><\/div><div class=\"desc-icon-box\"><div class=\"desc-content\" style=\"color: #292929;font-size: 16px;font-weight: 300;line-height: 23px;\">Secundaria y Media<\/div><\/div><\/div><\/div><\/div><\/div>[\/vc_column_inner][\/vc_row_inner][\/vc_column][vc_column width=\u00bb1\/3&#8243; el_class=\u00bbfeature-icon-box\u00bb css=\u00bb.vc_custom_1532058945916{padding-top: 35px !important;padding-right: 0px !important;padding-bottom: 33px !important;padding-left: 30px !important;}\u00bb]<div class=\"thim-widget-icon-box template-base\"><div class=\"wrapper-box-icon text-left \" ><div class=\"smicon-box iconbox-right\" style=\"--icon-font-size:40px;--icon-color:#ffffff;--icon-width: 100px;--icon-height: 42px;--icon-color-hover:#842f30;\"><div class=\"boxes-icon\"><a class=\"icon-box-link\" target=\"_self\" href=\"https:\/\/iefjc.edu.co\/web\/egresados\/\"><span class=\"inner-icon\"><span class=\"icon\"><i class=\"fas fa-graduation-cap\"\"><\/i><\/span><\/span><\/span><\/a><\/div><div class=\"content-inner\"><div class=\"sc-heading article_heading\"><h3 class = \"heading__primary\" style=\"--title-color: #64d613;--title-font-size: 20px;--title-font-weight: 500;--title-margin-bottom: 5px;\"><a class=\"icon-box-link\" target=\"_self\" href=\"https:\/\/iefjc.edu.co\/web\/egresados\/\" >REGISTRO DE EGRESADOS<\/a><\/h3><\/div><div class=\"desc-icon-box\"><div class=\"desc-content\" style=\"color: #ffffff;font-size: 16px;font-weight: 300;line-height: 23px;\">Actualizaci\u00f3n de Datos<\/div><\/div><\/div><\/div><\/div><\/div>[\/vc_column][\/vc_row][vc_row][vc_column width=\u00bb1\/2&#8243;]<div class=\"thim-widget-heading template-base\"><div class=\"sc_heading  \"><h3 class=\"title\">Avisos <strong> Importantes<\/strong><\/h3><\/div><\/div>[vc_text_separator title=\u00bbVideotutorial de Prematr\u00edculas y\/o Reserva de Cupo\u00bb color=\u00bbcustom\u00bb border_width=\u00bb3&#8243; css=\u00bb\u00bb accent_color=\u00bb#00a859&#8243;][vc_column_text css=\u00bb\u00bb]<\/p>\n<div style=\"width: 640px;\" class=\"wp-video\"><video class=\"wp-video-shortcode\" id=\"video-10591-1\" width=\"640\" height=\"360\" preload=\"metadata\" controls=\"controls\"><source type=\"video\/mp4\" src=\"https:\/\/iefjc.edu.co\/web\/wp-content\/uploads\/2024\/10\/prematriculaOvy.35f619f0.mp4?_=1\" \/><a href=\"https:\/\/iefjc.edu.co\/web\/wp-content\/uploads\/2024\/10\/prematriculaOvy.35f619f0.mp4\">https:\/\/iefjc.edu.co\/web\/wp-content\/uploads\/2024\/10\/prematriculaOvy.35f619f0.mp4<\/a><\/video><\/div>\n<p>[\/vc_column_text][\/vc_column][vc_column width=\u00bb1\/2&#8243;]<div class=\"thim-widget-heading template-base\"><div class=\"sc_heading  \"><h3 class=\"title\">Videos de la <strong> Instituci\u00f3n<\/strong><\/h3><\/div><\/div>[vc_video link=\u00bbhttps:\/\/www.youtube.com\/watch?time_continue=1&amp;v=QqTOICkjfNM\u00bb el_width=\u00bb70&#8243; css=\u00bb.vc_custom_1562249923455{margin-left: 60px !important;}\u00bb][vc_video link=\u00bbhttps:\/\/www.youtube.com\/watch?v=sHVeUFFa3Og\u00bb el_width=\u00bb70&#8243; css=\u00bb.vc_custom_1574265327048{margin-top: -30px !important;margin-left: 60px !important;}\u00bb][\/vc_column][vc_column][vc_zigzag css=\u00bb.vc_custom_1553787417949{margin-top: 15px !important;}\u00bb][\/vc_column][\/vc_row][vc_row full_width=\u00bbstretch_row\u00bb gap=\u00bb15&#8243; css=\u00bb.vc_custom_1548372508104{margin-bottom: 0px !important;padding-top: 10px !important;padding-bottom: 10px !important;background-color: #ffffff !important;}\u00bb][vc_column width=\u00bb1\/2&#8243; css=\u00bb.vc_custom_1548712686673{padding-top: 10px !important;}\u00bb]<div class=\"thim-widget-heading template-base\"><div class=\"sc_heading  \"><h3 style=\"color:#292929;font-size:35px;font-weight:600;\" class=\"title\"><strong>Bienvenidos <\/strong>a Nuestra Instituci\u00f3n<\/h3><\/div><\/div>[vc_column_text css=\u00bb.vc_custom_1562188255764{margin-top: -15px !important;padding-right: 35px !important;}\u00bb]<img decoding=\"async\" class=\"aligncenter\" src=\"https:\/\/iefjc.edu.co\/web\/wp-content\/uploads\/2019\/07\/derechos-humanos-1.jpg\" \/>[\/vc_column_text][\/vc_column][vc_column width=\u00bb1\/2&#8243; el_class=\u00bbthim-border-left-event\u00bb css=\u00bb.vc_custom_1548712678872{padding-top: 10px !important;}\u00bb]<div class=\"thim-widget-heading template-base\"><div class=\"sc_heading  \"><h3 style=\"color:#292929;font-size:35px;font-weight:600;\" class=\"title\">\u00daltimas <strong>Noticias<\/strong><\/h3><\/div><\/div><div class=\"thim-widget-list-post template-list-post\">\n<div class=\"sc-list-post thim-list-posts home-new\" >\n\t<div class=\"item-post post-540 post type-post status-publish format-standard hentry category-noticias\">\n\t\t<div class=\"article-title-wrapper\"><h5 class=\"title\"><a href=\"https:\/\/iefjc.edu.co\/web\/la-rae-elimino-letras-del-alfabeto-y-cambio-el-nombre-a-otras\/\" class=\"article-title\">La RAE elimin\u00f3 letras del Alfabeto y cambi\u00f3 el nombre a otras<\/a><\/h5><div class=\"article-date\"><i class=\"tk tk-calendar-with-week-focus\"><\/i> 13 abril, 2019<\/div><div class=\"description\"><p>Dr\u00e1sticos cambios en el alfabeto y en las reglas de escritura contiene la nueva edici\u00f3n de Ortograf\u00eda elaborada por la Real Academia Espa\u00f1ola (RAE), que se publicar\u00e1 a fines de este a\u00f1o.Entre las modificaciones m\u00e1s llamativas est\u00e1 la eliminaci\u00f3n de &#8230;<\/p><\/div><\/div><\/div>\n\t<div class=\"item-post post-533 post type-post status-publish format-standard hentry category-noticias\">\n\t\t<div class=\"article-title-wrapper\"><h5 class=\"title\"><a href=\"https:\/\/iefjc.edu.co\/web\/ruta-de-atencion-para-la-convivenvia-escolar\/\" class=\"article-title\">Ruta de Atenci\u00f3n para la Convivenvia Escolar<\/a><\/h5><div class=\"article-date\"><i class=\"tk tk-calendar-with-week-focus\"><\/i> 7 abril, 2019<\/div><div class=\"description\"><p>PRINCIPIOS REGULADORES EL DEBIDO PROCESO Reconocimiento de la dignidad humana: Respeto a la persona. El estudiante, as\u00ed sea un infractor de norma contenida en el Manual de Convivencia, es sujeto de derechos, de respeto y consideraci\u00f3n por parte de los &#8230;<\/p><\/div><\/div><\/div>\n\t<div class=\"item-post post-527 post type-post status-publish format-standard has-post-thumbnail hentry category-noticias\">\n\t\t<div class=\"article-title-wrapper\"><h5 class=\"title\"><a href=\"https:\/\/iefjc.edu.co\/web\/aprendamos-a-convivir\/\" class=\"article-title\">Aprendamos a Convivir<\/a><\/h5><div class=\"article-date\"><i class=\"tk tk-calendar-with-week-focus\"><\/i> 7 abril, 2019<\/div><div class=\"description\"><p>Con base en el art\u00edculo 87 de la Ley General de Educaci\u00f3n 115 de febrero 8 de 1994, se establece que los establecimientos educativos deben tener un Manual de Convivencia en el cual se definan los derechos y obligaciones de &#8230;<\/p><\/div><\/div><\/div><\/div><\/div>[\/vc_column][\/vc_row][vc_row full_width=\u00bbstretch_row\u00bb disable_element=\u00bbyes\u00bb css=\u00bb.vc_custom_1560011388305{margin-bottom: 0px !important;padding-top: 60px !important;padding-bottom: 60px !important;background-color: #353866 !important;}\u00bb][vc_column width=\u00bb1\/4&#8243; css=\u00bb.vc_custom_1532062830416{padding-top: 0px !important;}\u00bb]<div class=\"vc-extral_class home-grad\"><div class=\"thim-widget-counters-box template-base\"><div class=\"counter-box home-page\" style=\"\"><div class=\"content-box-percentage\">\n\t\t<div class=\"wrap-percentage\">\n\t\t<div class=\"display-percentage\" data-percentage=\"95\" >95<\/div><div class=\"text_number\">%<\/div><\/div><div class=\"counter-content-container\"><div class=\"counter-box-content\" style=\"\">Estudiantes Aprobados<\/div><\/div><\/div><\/div><\/div><\/div>[\/vc_column][vc_column width=\u00bb1\/4&#8243; css=\u00bb.vc_custom_1549114450977{padding-top: 0px !important;}\u00bb]<div class=\"vc-extral_class home-grad\"><div class=\"thim-widget-counters-box template-base\"><div class=\"counter-box home-page\" style=\"\"><div class=\"content-box-percentage\">\n\t\t<div class=\"wrap-percentage\">\n\t\t<div class=\"display-percentage\" data-percentage=\"60\" >60<\/div><div class=\"text_number\">K<\/div><\/div><div class=\"counter-content-container\"><div class=\"counter-box-content\" style=\"\">Estudiantes Atendidos<\/div><\/div><\/div><\/div><\/div><\/div>[\/vc_column][vc_column width=\u00bb1\/4&#8243; css=\u00bb.vc_custom_1532062843476{padding-top: 0px !important;}\u00bb]<div class=\"vc-extral_class home-grad\"><div class=\"thim-widget-counters-box template-base\"><div class=\"counter-box home-page\" style=\"\"><div class=\"content-box-percentage\">\n\t\t<div class=\"wrap-percentage\">\n\t\t<div class=\"display-percentage\" data-percentage=\"3200\" >3200<\/div><div class=\"text_number\"><\/div><\/div><div class=\"counter-content-container\"><div class=\"counter-box-content\" style=\"\">Estudiantes Graduados<\/div><\/div><\/div><\/div><\/div><\/div>[\/vc_column][vc_column width=\u00bb1\/4&#8243; css=\u00bb.vc_custom_1532062850425{padding-top: 0px !important;}\u00bb]<div class=\"vc-extral_class home-grad\"><div class=\"thim-widget-counters-box template-base\"><div class=\"counter-box home-page\" style=\"\"><div class=\"content-box-percentage\">\n\t\t<div class=\"wrap-percentage\">\n\t\t<div class=\"display-percentage\" data-percentage=\"45\" >45<\/div><div class=\"text_number\"><\/div><\/div><div class=\"counter-content-container\"><div class=\"counter-box-content\" style=\"\">A\u00f1os de Historia<\/div><\/div><\/div><\/div><\/div><\/div>[\/vc_column][\/vc_row][vc_row content_placement=\u00bbmiddle\u00bb css=\u00bb.vc_custom_1739396212172{margin-top: 30px !important;background-image: url(https:\/\/iefjc.edu.co\/web\/wp-content\/uploads\/2025\/02\/Teprot.png?id=12116) !important;background-position: center !important;background-repeat: no-repeat !important;background-size: cover !important;}\u00bb el_id=\u00bb#teprotejo\u00bb][vc_column width=\u00bb1\/3&#8243;][\/vc_column][vc_column width=\u00bb1\/3&#8243;]<div class=\"thim-widget-heading template-base\"><div class=\"sc_heading  text-center\"><h3 style=\"color:#1e73be;font-size:20px;font-weight:bold;\" class=\"title\">Te Gu\u00edo<\/h3><\/div><\/div>[vc_column_text css=\u00bb\u00bb]<\/p>\n<p style=\"text-align: center;\">Si tienes dudas sobre l\u00edmites en las relaciones, consentimiento, contacto con material de explotaci\u00f3n sexual de ni\u00f1as, ni\u00f1os y adolescentes, preocupaciones sobre los intereses, comentarios o comportamientos sexuales de alguien menor de 18 a\u00f1os, en Te Gu\u00edo est\u00e1 bien preguntar.<\/p>\n<p>[\/vc_column_text][vc_btn title=\u00bbVisitar Sitio\u00bb style=\u00bb3d\u00bb color=\u00bbprimary\u00bb size=\u00bbsm\u00bb align=\u00bbcenter\u00bb i_icon_fontawesome=\u00bbfas fa-external-link-alt\u00bb css=\u00bb\u00bb add_icon=\u00bbtrue\u00bb link=\u00bburl:https%3A%2F%2Fwww.teguiocolombia.org%2Findex.html|target:_blank\u00bb][\/vc_column][vc_column width=\u00bb1\/3&#8243;][\/vc_column][\/vc_row][vc_row full_width=\u00bbstretch_row\u00bb][vc_column width=\u00bb1\/3&#8243;]<div class=\"thim-widget-heading template-base\"><div class=\"sc_heading  \"><h3 style=\"color:#292929;font-size:35px;font-weight:600;\" class=\"title\">Nuestra <strong>Misi\u00f3n<\/strong><\/h3><\/div><\/div>[vc_column_text css=\u00bb.vc_custom_1562188137933{margin-bottom: 35px !important;}\u00bb]<\/p>\n<div class=\"textwidget\">\n<p>La Instituci\u00f3n Educativa Francisco Jos\u00e9 de Caldas, es un establecimiento de car\u00e1cter oficial que ofrece los niveles de preescolar, b\u00e1sica primaria y secundaria, media acad\u00e9mica y t\u00e9cnica, bachillerato por ciclos y programas flexibles, creada para la formaci\u00f3n integral de la comunidad tibuyana con car\u00e1cter inclusivo, a trav\u00e9s de un Proyecto Educativo que incida significativamente en el desarrollo de sus competencias intelectuales, laborales y ciudadanas.<\/p>\n<\/div>\n<p>[\/vc_column_text]<div class=\"thim-widget-button template-base\"><a class=\"widget-button very-rounded no-border small custom_style\" href=\"https:\/\/iefjc.edu.co\/web\/nuestro-colegio\/\" style=\"--widget-button-font-size: 14px;--widget-button-font-weight: 400;--widget-button-color: #ffffff;--widget-button-background-color: #2ec4b6;--widget-button-color-hover: #ffffff;--widget-button-background-color-hover: #1c9b8e;\"><i class=\"fa fa-plus\" style=\"font-size: 14px;\"><\/i> Informaci\u00f3n<\/a><\/div>[\/vc_column][vc_column width=\u00bb1\/3&#8243;]<div class=\"thim-widget-heading template-base\"><div class=\"sc_heading  text-center\"><h3 style=\"color:#292929;font-size:35px;font-weight:600;\" class=\"title\">Nuestro <strong>Escudo<\/strong><\/h3><\/div><\/div>[vc_single_image image=\u00bb11706&#8243; alignment=\u00bbcenter\u00bb][\/vc_column][vc_column width=\u00bb1\/3&#8243;]<div class=\"thim-widget-heading template-base\"><div class=\"sc_heading  text-center\"><h3 style=\"color:#292929;font-size:35px;font-weight:600;\" class=\"title\">Nuestra<strong> Visi\u00f3n <\/strong><\/h3><\/div><\/div>[vc_column_text css=\u00bb.vc_custom_1562188127762{margin-bottom: 35px !important;}\u00bb]<\/p>\n<div class=\"textwidget\">\n<p>La Instituci\u00f3n Educativa Francisco Jos\u00e9 de Caldas, ser\u00e1 reconocida por ser gestora de paz, por su excelencia administrativa y acad\u00e9mica, l\u00edder en el respeto a los derechos humanos y la promoci\u00f3n de desarrollo integral de la regi\u00f3n del Catatumbo.<\/p>\n<\/div>\n<p>[\/vc_column_text][\/vc_column][\/vc_row][vc_row css=\u00bb.vc_custom_1548794962314{padding-top: 0px !important;padding-bottom: 0px !important;}\u00bb][vc_column][vc_separator]<div class=\"thim-widget-heading template-base\"><div class=\"sc_heading  text-center\"><h3 class=\"title\">Nuestra <strong>Galer\u00eda<strong><\/h3><\/div><\/div><div class=\"thim-widget-gallery-posts template-gallery-posts\">\n\n\t<div class=\"wrapper-gallery-filter isotope-layout\" itemscope itemtype=\"http:\/\/schema.org\/ItemList\">\n\t\t<div class=\"item_gallery size11 filter-3470\"><a class=\"thim-gallery-popup\" href=\"#\" data-id=\"12031\"><div class=\"info_post\"><span class=\"inner-info\"><i class=\"fas fa-expand\"><\/i> MERRY CHRISTMAS 2019<\/span><\/div><img loading=\"lazy\" decoding=\"async\" src=\"https:\/\/iefjc.edu.co\/web\/wp-content\/uploads\/2019\/12\/IMG_5399-scaled-225x225.jpg\" alt=\"MERRY CHRISTMAS 2019\" title=\"IMG_5399\"  width=\"225\" height=\"225\"><\/a><\/div><div class=\"item_gallery size11 filter-3470\"><a class=\"thim-gallery-popup\" href=\"#\" data-id=\"11977\"><div class=\"info_post\"><span class=\"inner-info\"><i class=\"fas fa-expand\"><\/i> GRADOS COLCALDAS 2019<\/span><\/div><img loading=\"lazy\" decoding=\"async\" src=\"https:\/\/iefjc.edu.co\/web\/wp-content\/uploads\/2019\/11\/IMG_6163-1-scaled-225x225.jpg\" alt=\"GRADOS COLCALDAS 2019\" title=\"IMG_6163\"  width=\"225\" height=\"225\"><\/a><\/div><div class=\"item_gallery size11 filter-3470 filter-3472\"><a class=\"thim-gallery-popup\" href=\"#\" data-id=\"11964\"><div class=\"info_post\"><span class=\"inner-info\"><i class=\"fas fa-expand\"><\/i> Comparsas 2019<\/span><\/div><img loading=\"lazy\" decoding=\"async\" src=\"https:\/\/iefjc.edu.co\/web\/wp-content\/uploads\/2019\/11\/IMG_5619-scaled-225x225.jpg\" alt=\"Comparsas 2019\" title=\"IMG_5619\"  width=\"225\" height=\"225\"><\/a><\/div><div class=\"item_gallery size11 filter-3470\"><a class=\"thim-gallery-popup\" href=\"#\" data-id=\"11921\"><div class=\"info_post\"><span class=\"inner-info\"><i class=\"fas fa-expand\"><\/i> Grados Noveno 2019<\/span><\/div><img loading=\"lazy\" decoding=\"async\" src=\"https:\/\/iefjc.edu.co\/web\/wp-content\/uploads\/2019\/11\/IMG_5755-scaled-225x225.jpg\" alt=\"Grados Noveno 2019\" title=\"IMG_5755\"  width=\"225\" height=\"225\"><\/a><\/div><div class=\"item_gallery size11 filter-3479 filter-3472 filter-1\"><a class=\"thim-gallery-popup\" href=\"#\" data-id=\"11853\"><div class=\"info_post\"><span class=\"inner-info\"><i class=\"fas fa-expand\"><\/i> Feria de la ciencia y la creatividad 2019<\/span><\/div><img loading=\"lazy\" decoding=\"async\" src=\"https:\/\/iefjc.edu.co\/web\/wp-content\/uploads\/2019\/11\/IMG_5188-scaled-e1574311291377-225x225.jpg\" alt=\"Feria de la ciencia y la creatividad 2019\" title=\"IMG_5188\"  width=\"225\" height=\"225\"><\/a><\/div><div class=\"item_gallery size11 filter-3479\"><a class=\"thim-gallery-popup\" href=\"#\" data-id=\"11841\"><div class=\"info_post\"><span class=\"inner-info\"><i class=\"fas fa-expand\"><\/i> Prevenci\u00f3n del riesgo<\/span><\/div><img loading=\"lazy\" decoding=\"async\" src=\"https:\/\/iefjc.edu.co\/web\/wp-content\/uploads\/2019\/08\/IMG-20190803-WA0042-225x225.jpg\" alt=\"Prevenci\u00f3n del riesgo\" title=\"IMG-20190803-WA0042\"  width=\"225\" height=\"225\"><\/a><\/div><div class=\"item_gallery size11 filter-3479\"><a class=\"thim-gallery-popup\" href=\"#\" data-id=\"11835\"><div class=\"info_post\"><span class=\"inner-info\"><i class=\"fas fa-expand\"><\/i> Muro, ser honesto<\/span><\/div><img loading=\"lazy\" decoding=\"async\" src=\"https:\/\/iefjc.edu.co\/web\/wp-content\/uploads\/2019\/08\/IMG-20190803-WA0045-225x225.jpg\" alt=\"Muro, ser honesto\" title=\"IMG-20190803-WA0045\"  width=\"225\" height=\"225\"><\/a><\/div><div class=\"item_gallery size11 filter-3479\"><a class=\"thim-gallery-popup\" href=\"#\" data-id=\"11794\"><div class=\"info_post\"><span class=\"inner-info\"><i class=\"fas fa-expand\"><\/i> Concurso de ortograf\u00eda bachillerato<\/span><\/div><img loading=\"lazy\" decoding=\"async\" src=\"https:\/\/iefjc.edu.co\/web\/wp-content\/uploads\/2019\/07\/WhatsApp-Image-2018-10-01-at-11.12.58-AM-1-768x432-225x225.jpeg\" alt=\"Concurso de ortograf\u00eda bachillerato\" title=\"WhatsApp-Image-2018-10-01-at-11.12.58-AM-1-768&#215;432\"  width=\"225\" height=\"225\"><\/a><\/div><div class=\"item_gallery size11 filter-3470\"><a class=\"thim-gallery-popup\" href=\"#\" data-id=\"11781\"><div class=\"info_post\"><span class=\"inner-info\"><i class=\"fas fa-expand\"><\/i> Interclases bachillerato 2018<\/span><\/div><img loading=\"lazy\" decoding=\"async\" src=\"https:\/\/iefjc.edu.co\/web\/wp-content\/uploads\/2019\/07\/DSC_0523-768x433-225x225.jpg\" alt=\"Interclases bachillerato 2018\" title=\"DSC_0523-768&#215;433\"  width=\"225\" height=\"225\"><\/a><\/div><div class=\"item_gallery size11 filter-3470\"><a class=\"thim-gallery-popup\" href=\"#\" data-id=\"11748\"><div class=\"info_post\"><span class=\"inner-info\"><i class=\"fas fa-expand\"><\/i> Interclases primaria 2018<\/span><\/div><img loading=\"lazy\" decoding=\"async\" src=\"https:\/\/iefjc.edu.co\/web\/wp-content\/uploads\/2019\/07\/DSC_0380-768x433-225x225.jpg\" alt=\"Interclases primaria 2018\" title=\"DSC_0380-768&#215;433\"  width=\"225\" height=\"225\"><\/a><\/div>\t<\/div>\n\t<div class=\"thim-gallery-show\"><\/div>\n\n\t<\/div>[\/vc_column][\/vc_row][vc_row full_width=\u00bbstretch_row\u00bb css=\u00bb.vc_custom_1739396304323{padding-top: 80px !important;padding-bottom: 80px !important;background-color: #71cefc !important;}\u00bb][vc_column css=\u00bb.vc_custom_1532076559485{padding-top: 0px !important;}\u00bb]<div class=\"vc-extral_class wpb_animate_when_almost_visible wpb_left-to-right left-to-right\"><div class=\"thim-widget-gallery-images template-base\"><div class=\"thim-carousel-wrapper gallery-img\" data-visible=\"3\" data-itemtablet=\"3\" data-itemmobile=\"3\" data-autoplay=\"0\" data-navigation=\"1\" data-pagination=\"1\" data-loop=\"true\"><div class=\"item\"><a target=_blank href=\"https:\/\/teprotejocolombia.org\/\"><img loading=\"lazy\" decoding=\"async\" width=\"412\" height=\"150\" src=\"https:\/\/iefjc.edu.co\/web\/wp-content\/uploads\/2025\/02\/TEPROTEJO.png\" class=\"attachment-large size-large\" alt=\"\" srcset=\"https:\/\/iefjc.edu.co\/web\/wp-content\/uploads\/2025\/02\/TEPROTEJO.png 412w, https:\/\/iefjc.edu.co\/web\/wp-content\/uploads\/2025\/02\/TEPROTEJO-300x109.png 300w\" sizes=\"auto, (max-width: 412px) 100vw, 412px\" \/><\/a><\/div><div class=\"item\"><a target=_blank href=\"https:\/\/www.sena.edu.co\/es-co\/Paginas\/default.aspx\"><img loading=\"lazy\" decoding=\"async\" width=\"153\" height=\"150\" src=\"https:\/\/iefjc.edu.co\/web\/wp-content\/uploads\/2025\/02\/logoSena-e1737411421366.png\" class=\"attachment-large size-large\" alt=\"\" \/><\/a><\/div><div class=\"item\"><a target=_blank href=\"https:\/\/www.icfes.gov.co\/\"><img loading=\"lazy\" decoding=\"async\" width=\"108\" height=\"150\" src=\"https:\/\/iefjc.edu.co\/web\/wp-content\/uploads\/2025\/02\/ICFES.png\" class=\"attachment-large size-large\" alt=\"\" \/><\/a><\/div><\/div><\/div><\/div>[\/vc_column][\/vc_row][vc_row][vc_column][vc_column_text]<\/strong><\/strong>[\/vc_column_text][\/vc_column][\/vc_row]<\/p>\n<\/div>","protected":false},"excerpt":{"rendered":"<p>[vc_row full_width=\u00bbstretch_row_content_no_spaces\u00bb css=\u00bb.vc_custom_1532059041653{margin-bottom: 0px !important;}\u00bb][vc_column][rev_slider_vc alias=\u00bbhome-page\u00bb][\/vc_column][\/vc_row][vc_row css=\u00bb.vc_custom_1552335716023{margin-top: -90px !important;background-color: #eee0cd !important;}\u00bb el_class=\u00bbrow_relative\u00bb][vc_column width=\u00bb2\/3&#8243; css=\u00bb.vc_custom_1532058844902{padding-top: 0px !important;}\u00bb][vc_row_inner css=\u00bb.vc_custom_1532058886594{margin-bottom: 0px !important;padding-top: 35px !important;padding-right: 20px !important;padding-bottom: 30px !important;padding-left: 20px !important;}\u00bb][vc_column_inner width=\u00bb1\/3&#8243;][\/vc_column_inner][vc_column_inner width=\u00bb1\/3&#8243;][\/vc_column_inner][vc_column_inner width=\u00bb1\/3&#8243;][\/vc_column_inner][\/vc_row_inner][\/vc_column][vc_column width=\u00bb1\/3&#8243; el_class=\u00bbfeature-icon-box\u00bb css=\u00bb.vc_custom_1532058945916{padding-top: 35px !important;padding-right: 0px !important;padding-bottom: 33px !important;padding-left: 30px &hellip; <\/p>\n","protected":false},"author":1,"featured_media":0,"parent":0,"menu_order":0,"comment_status":"closed","ping_status":"closed","template":"page-templates\/homepage.php","meta":{"footnotes":""},"class_list":["post-10591","page","type-page","status-publish","hentry"],"_links":{"self":[{"href":"https:\/\/iefjc.edu.co\/web\/wp-json\/wp\/v2\/pages\/10591","targetHints":{"allow":["GET"]}}],"collection":[{"href":"https:\/\/iefjc.edu.co\/web\/wp-json\/wp\/v2\/pages"}],"about":[{"href":"https:\/\/iefjc.edu.co\/web\/wp-json\/wp\/v2\/types\/page"}],"author":[{"embeddable":true,"href":"https:\/\/iefjc.edu.co\/web\/wp-json\/wp\/v2\/users\/1"}],"replies":[{"embeddable":true,"href":"https:\/\/iefjc.edu.co\/web\/wp-json\/wp\/v2\/comments?post=10591"}],"version-history":[{"count":48,"href":"https:\/\/iefjc.edu.co\/web\/wp-json\/wp\/v2\/pages\/10591\/revisions"}],"predecessor-version":[{"id":12121,"href":"https:\/\/iefjc.edu.co\/web\/wp-json\/wp\/v2\/pages\/10591\/revisions\/12121"}],"wp:attachment":[{"href":"https:\/\/iefjc.edu.co\/web\/wp-json\/wp\/v2\/media?parent=10591"}],"curies":[{"name":"wp","href":"https:\/\/api.w.org\/{rel}","templated":true}]}}